{"id":178,"date":"2020-04-17T13:36:52","date_gmt":"2020-04-17T16:36:52","guid":{"rendered":"http:\/\/fotovig.com.ar\/?page_id=178"},"modified":"2022-11-05T11:40:16","modified_gmt":"2022-11-05T14:40:16","slug":"cargadores","status":"publish","type":"page","link":"https:\/\/fotovig.com.ar\/?page_id=178","title":{"rendered":"Cargadores"},"content":{"rendered":"<div id=\"pl-gb178-69d97349ce871\"  class=\"panel-layout\" ><div id=\"pg-gb178-69d97349ce871-0\"  class=\"panel-grid panel-no-style\" ><div id=\"pgc-gb178-69d97349ce871-0-0\"  class=\"panel-grid-cell\" ><div id=\"panel-gb178-69d97349ce871-0-0-0\" class=\"so-panel widget widget_sow-headline panel-first-child panel-last-child\" data-index=\"0\" ><div\n\t\t\t\n\t\t\tclass=\"so-widget-sow-headline so-widget-sow-headline-default-a19c711c98a7-178\"\n\t\t\t\n\t\t><div class=\"sow-headline-container \">\n\t\t\t\t\t\t<div class=\"decoration\">\n\t\t\t\t\t\t<div class=\"decoration-inside\"><\/div>\n\t\t\t\t\t<\/div>\n\t\t\t\t\t<\/div>\n<\/div><\/div><\/div><\/div><div id=\"pg-gb178-69d97349ce871-1\"  class=\"panel-grid panel-no-style\" ><div id=\"pgc-gb178-69d97349ce871-1-0\"  class=\"panel-grid-cell\" ><div id=\"panel-gb178-69d97349ce871-1-0-0\" class=\"so-panel widget widget_sow-image panel-first-child panel-last-child\" data-index=\"1\" ><div\n\t\t\t\n\t\t\tclass=\"so-widget-sow-image so-widget-sow-image-default-e8513d21b1d5-178\"\n\t\t\t\n\t\t>\n<div class=\"sow-image-container\">\n\t\t<img \n\tsrc=\"https:\/\/fotovig.com.ar\/imagenes\/cargadores\/carg_malibu.jpg\" width=\"700\" title=\"Cargador Malib\u00fa\" alt=\"Cargador Malib\u00fa\" \t\tclass=\"so-widget-image\"\/>\n\t<\/div>\n\n<\/div><\/div><\/div><div id=\"pgc-gb178-69d97349ce871-1-1\"  class=\"panel-grid-cell\" ><div id=\"panel-gb178-69d97349ce871-1-1-0\" class=\"so-panel widget widget_sow-editor panel-first-child panel-last-child\" data-index=\"2\" ><div\n\t\t\t\n\t\t\tclass=\"so-widget-sow-editor so-widget-sow-editor-base\"\n\t\t\t\n\t\t><h3 class=\"widget-title\">Malib\u00fa 3.1 A<\/h3>\n<div class=\"siteorigin-widget-tinymce textwidget\">\n\t<p>Pod\u00e9s cargar 2 dispositivos en simult\u00e1neo<br \/>\n<strong>M\u00c1S AMPLIO:<\/strong> abastece 120v\/240v, contiene<strong> 1 puerto USB<\/strong><br \/>\n<strong>M\u00c1S CONVENIENTE<\/strong>: Se adapta a varios dispositivos, celular, tablet, etc.<br \/>\n<strong>ES REFINADO Y M\u00c1S SEGURO<\/strong>.<\/p>\n<\/div>\n<\/div><\/div><\/div><\/div><div id=\"pg-gb178-69d97349ce871-2\"  class=\"panel-grid panel-no-style\" ><div id=\"pgc-gb178-69d97349ce871-2-0\"  class=\"panel-grid-cell\" ><div id=\"panel-gb178-69d97349ce871-2-0-0\" class=\"so-panel widget widget_sow-headline panel-first-child panel-last-child\" data-index=\"3\" ><div\n\t\t\t\n\t\t\tclass=\"so-widget-sow-headline so-widget-sow-headline-default-a19c711c98a7-178\"\n\t\t\t\n\t\t><div class=\"sow-headline-container \">\n\t\t\t\t\t\t<div class=\"decoration\">\n\t\t\t\t\t\t<div class=\"decoration-inside\"><\/div>\n\t\t\t\t\t<\/div>\n\t\t\t\t\t<\/div>\n<\/div><\/div><\/div><\/div><div id=\"pg-gb178-69d97349ce871-3\"  class=\"panel-grid panel-no-style\" ><div id=\"pgc-gb178-69d97349ce871-3-0\"  class=\"panel-grid-cell\" ><div id=\"panel-gb178-69d97349ce871-3-0-0\" class=\"so-panel widget widget_sow-image panel-first-child panel-last-child\" data-index=\"4\" ><div\n\t\t\t\n\t\t\tclass=\"so-widget-sow-image so-widget-sow-image-default-e8513d21b1d5-178\"\n\t\t\t\n\t\t>\n<div class=\"sow-image-container\">\n\t\t<img \n\tsrc=\"https:\/\/fotovig.com.ar\/imagenes\/cargadores\/carg_inova_car2021.jpg\" width=\"700\" title=\"Cargador Inova\" alt=\"\" \t\tclass=\"so-widget-image\"\/>\n\t<\/div>\n\n<\/div><\/div><\/div><div id=\"pgc-gb178-69d97349ce871-3-1\"  class=\"panel-grid-cell\" ><div id=\"panel-gb178-69d97349ce871-3-1-0\" class=\"so-panel widget widget_sow-editor panel-first-child panel-last-child\" data-index=\"5\" ><div\n\t\t\t\n\t\t\tclass=\"so-widget-sow-editor so-widget-sow-editor-base\"\n\t\t\t\n\t\t><h3 class=\"widget-title\">Inova CAR-2021<\/h3>\n<div class=\"siteorigin-widget-tinymce textwidget\">\n\t<p><strong>Mod: CAR-2021<br \/>\n<\/strong>Cargador Inova 3.1A<br \/>\nFuente de alimentacion con 3 salidas.<br \/>\n<strong>Entrada<\/strong>: 220V; 50Hz; 1,5A<br \/>\n<strong>Salida<\/strong>: 5V; 3.1A (MAX)<\/p>\n<\/div>\n<\/div><\/div><\/div><\/div><div id=\"pg-gb178-69d97349ce871-4\"  class=\"panel-grid panel-no-style\" ><div id=\"pgc-gb178-69d97349ce871-4-0\"  class=\"panel-grid-cell\" ><div id=\"panel-gb178-69d97349ce871-4-0-0\" class=\"so-panel widget widget_sow-headline panel-first-child panel-last-child\" data-index=\"6\" ><div\n\t\t\t\n\t\t\tclass=\"so-widget-sow-headline so-widget-sow-headline-default-a19c711c98a7-178\"\n\t\t\t\n\t\t><div class=\"sow-headline-container \">\n\t\t\t\t\t\t<div class=\"decoration\">\n\t\t\t\t\t\t<div class=\"decoration-inside\"><\/div>\n\t\t\t\t\t<\/div>\n\t\t\t\t\t<\/div>\n<\/div><\/div><\/div><\/div><div id=\"pg-gb178-69d97349ce871-5\"  class=\"panel-grid panel-no-style\" ><div id=\"pgc-gb178-69d97349ce871-5-0\"  class=\"panel-grid-cell\" ><div id=\"panel-gb178-69d97349ce871-5-0-0\" class=\"so-panel widget widget_sow-image panel-first-child panel-last-child\" data-index=\"7\" ><div\n\t\t\t\n\t\t\tclass=\"so-widget-sow-image so-widget-sow-image-default-e8513d21b1d5-178\"\n\t\t\t\n\t\t>\n<div class=\"sow-image-container\">\n\t\t<img \n\tsrc=\"https:\/\/fotovig.com.ar\/imagenes\/cargadores\/carg_CVQ-USB2.jpg\" width=\"700\" title=\"CargadorCVQ-USB2\" alt=\"\" \t\tclass=\"so-widget-image\"\/>\n\t<\/div>\n\n<\/div><\/div><\/div><div id=\"pgc-gb178-69d97349ce871-5-1\"  class=\"panel-grid-cell\" ><div id=\"panel-gb178-69d97349ce871-5-1-0\" class=\"so-panel widget widget_sow-editor panel-first-child panel-last-child\" data-index=\"8\" ><div\n\t\t\t\n\t\t\tclass=\"so-widget-sow-editor so-widget-sow-editor-base\"\n\t\t\t\n\t\t><h3 class=\"widget-title\">DUO CVQ-USB2<\/h3>\n<div class=\"siteorigin-widget-tinymce textwidget\">\n\t<p><strong>Mod: CVQ-USB2<br \/>\n<\/strong>Cable de carga: Tipo C &#8211; Micro USB &#8211; Lightning<br \/>\n<strong>Entrada<\/strong>: 100-240V<br \/>\n<strong>Puertos<\/strong>: 2 Puertos USB 2.4 Amp<br \/>\n<strong>Salida<\/strong>: 5V; 2.4 Amp<\/p>\n<\/div>\n<\/div><\/div><\/div><\/div><div id=\"pg-gb178-69d97349ce871-6\"  class=\"panel-grid panel-no-style\" ><div id=\"pgc-gb178-69d97349ce871-6-0\"  class=\"panel-grid-cell\" ><div id=\"panel-gb178-69d97349ce871-6-0-0\" class=\"so-panel widget widget_sow-headline panel-first-child panel-last-child\" data-index=\"9\" ><div\n\t\t\t\n\t\t\tclass=\"so-widget-sow-headline so-widget-sow-headline-default-a19c711c98a7-178\"\n\t\t\t\n\t\t><div class=\"sow-headline-container \">\n\t\t\t\t\t\t<div class=\"decoration\">\n\t\t\t\t\t\t<div class=\"decoration-inside\"><\/div>\n\t\t\t\t\t<\/div>\n\t\t\t\t\t<\/div>\n<\/div><\/div><\/div><\/div><\/div>","protected":false},"excerpt":{"rendered":"<p>Pod\u00e9s cargar 2 dispositivos en simult\u00e1neo M\u00c1S AMPLIO: abastece 120v\/240v, contiene 1 puerto USB M\u00c1S CONVENIENTE: Se adapta a varios dispositivos, celular, tablet, etc. ES REFINADO Y M\u00c1S SEGURO.<\/p>\n","protected":false},"author":1,"featured_media":0,"parent":45,"menu_order":0,"comment_status":"closed","ping_status":"closed","template":"","meta":{"footnotes":""},"class_list":["post-178","page","type-page","status-publish","hentry"],"_links":{"self":[{"href":"https:\/\/fotovig.com.ar\/index.php?rest_route=\/wp\/v2\/pages\/178","targetHints":{"allow":["GET"]}}],"collection":[{"href":"https:\/\/fotovig.com.ar\/index.php?rest_route=\/wp\/v2\/pages"}],"about":[{"href":"https:\/\/fotovig.com.ar\/index.php?rest_route=\/wp\/v2\/types\/page"}],"author":[{"embeddable":true,"href":"https:\/\/fotovig.com.ar\/index.php?rest_route=\/wp\/v2\/users\/1"}],"replies":[{"embeddable":true,"href":"https:\/\/fotovig.com.ar\/index.php?rest_route=%2Fwp%2Fv2%2Fcomments&post=178"}],"version-history":[{"count":15,"href":"https:\/\/fotovig.com.ar\/index.php?rest_route=\/wp\/v2\/pages\/178\/revisions"}],"predecessor-version":[{"id":624,"href":"https:\/\/fotovig.com.ar\/index.php?rest_route=\/wp\/v2\/pages\/178\/revisions\/624"}],"up":[{"embeddable":true,"href":"https:\/\/fotovig.com.ar\/index.php?rest_route=\/wp\/v2\/pages\/45"}],"wp:attachment":[{"href":"https:\/\/fotovig.com.ar\/index.php?rest_route=%2Fwp%2Fv2%2Fmedia&parent=178"}],"curies":[{"name":"wp","href":"https:\/\/api.w.org\/{rel}","templated":true}]}}