{"id":282,"date":"2021-01-04T11:35:51","date_gmt":"2021-01-04T14:35:51","guid":{"rendered":"http:\/\/fotovig.com.ar\/?page_id=282"},"modified":"2021-01-04T22:56:39","modified_gmt":"2021-01-05T01:56:39","slug":"polaroid-spotify","status":"publish","type":"page","link":"https:\/\/fotovig.com.ar\/?page_id=282","title":{"rendered":"POLAROID + SPOTIFY"},"content":{"rendered":"<h2>Regal\u00e1 fotos Polaroid impresas&#8230; con m\u00fasica!<\/h2>\n<p>\t\t\t\t\t\t\t\t\t\t<img decoding=\"async\" width=\"800\" height=\"296\" src=\"https:\/\/fotovig.com.ar\/wp-content\/uploads\/2021\/01\/banner_polaroid_spotify.jpg\" alt=\"Foto Vig Polaroid Spotify\" loading=\"lazy\" srcset=\"https:\/\/fotovig.com.ar\/wp-content\/uploads\/2021\/01\/banner_polaroid_spotify.jpg 800w, https:\/\/fotovig.com.ar\/wp-content\/uploads\/2021\/01\/banner_polaroid_spotify-300x111.jpg 300w, https:\/\/fotovig.com.ar\/wp-content\/uploads\/2021\/01\/banner_polaroid_spotify-768x284.jpg 768w\" sizes=\"auto, (max-width: 800px) 100vw, 800px\" \/>\t\t\t\t\t\t\t\t\t\t\t<\/p>\n<p><b>\u00bfC\u00f3mo se usa?<\/b><\/p>\n<ol>\n<li>Abr\u00eds la aplicaci\u00f3n de Spotify en el celular<\/li>\n<li>En el buscador de canciones (lupa), seleccion\u00e1s el icono de la c\u00e1mara (se encuentra a la derecha del buscador)<\/li>\n<li>Con la c\u00e1mara del celular, escane\u00e1s el c\u00f3digo Spotify de la foto.<\/li>\n<li>Comienza a reproducir la canci\u00f3n o Playlist del c\u00f3digo<\/li>\n<li><font color=\"#666666\" face=\"Proxima Nova, -apple-system, Helvetica Neue, Helvetica, Roboto, Arial, sans-serif\">Como ejemplo pod\u00e9s probar con el c\u00f3digo de la imagen y al escanearlo te llevar\u00e1 a una Playlist de Ed Sheeran con algunos de sus temas..<\/font><\/li>\n<\/ol>\n<p><b>\u00bfC\u00f3mo enviar tu foto?<\/b><\/p>\n<ol>\n<li>Nos envi\u00e1s por mail (<a href=\"mailto:contacto@fotovig.com.ar\" target=\"_blank\" rel=\"noopener\">contacto@fotovig.com.ar<\/a>) o Whatsapp (+54 9 261 5534549) las fotos que quieras imprimir y el c\u00f3digo de Spotify de la canci\u00f3n o de la Playlist que quieras para cada foto.<\/li>\n<\/ol>\n<p>\u00bfC\u00f3mo enviar el c\u00f3digo de la canci\u00f3n o playlist?<\/p>\n<ol>\n<li>Seleccion\u00e1 la canci\u00f3n o playlist. En la <b>computadora <\/b>es seleccionando el <b>men\u00fa de los 3 puntos<\/b> y en el <b>celular <\/b>con el icono de compartir&nbsp;<\/li>\n<li>Seleccion\u00e1s Compartir<\/li>\n<li>En el <b>celular <\/b>eleg\u00eds si lo compart\u00eds por mail, whatsapp u otra aplicaci\u00f3n.<\/li>\n<li>En la <b>computadora <\/b>eleg\u00eds Copiar enlace de la canci\u00f3n (o playlist) y queda almacenada en la memoria para que vayas al mail o whatsapp y solamente peg\u00e1s el link copiado con las teclas Control + V, o en el men\u00fa con el bot\u00f3n derecho simplemente &#8220;Pegar&#8221;<\/li>\n<\/ol>\n<p>\u00bfQu\u00e9 demora tengo para retirar el trabajo?<br \/>Al ser productos personalizados y hechos a mano tienen un tiempo l\u00f3gico de demora de producci\u00f3n de hasta 5 d\u00edas h\u00e1biles. Igualmente se puede coordinar e informar por whatsapp.&nbsp;<br \/>\n\t\t\t<a href=\"https:\/\/fotovig.com.ar\/?page_id=8\" role=\"button\"><br \/>\n\t\t\t\t\t\tSOLICITAR INFO \/ COMPRAR<br \/>\n\t\t\t\t\t<\/a><\/p>\n","protected":false},"excerpt":{"rendered":"<p>Regal\u00e1 fotos Polaroid impresas&#8230; con m\u00fasica! \u00bfC\u00f3mo se usa? Abr\u00eds la aplicaci\u00f3n de Spotify en el celular En el buscador de canciones (lupa), seleccion\u00e1s el icono de la c\u00e1mara (se encuentra a la derecha del buscador) Con la c\u00e1mara del celular, escane\u00e1s el c\u00f3digo Spotify de la foto. Comienza a reproducir la canci\u00f3n o Playlist [&hellip;]<\/p>\n","protected":false},"author":1,"featured_media":0,"parent":0,"menu_order":0,"comment_status":"closed","ping_status":"closed","template":"elementor_header_footer","meta":{"footnotes":""},"class_list":["post-282","page","type-page","status-publish","hentry"],"_links":{"self":[{"href":"https:\/\/fotovig.com.ar\/index.php?rest_route=\/wp\/v2\/pages\/282","targetHints":{"allow":["GET"]}}],"collection":[{"href":"https:\/\/fotovig.com.ar\/index.php?rest_route=\/wp\/v2\/pages"}],"about":[{"href":"https:\/\/fotovig.com.ar\/index.php?rest_route=\/wp\/v2\/types\/page"}],"author":[{"embeddable":true,"href":"https:\/\/fotovig.com.ar\/index.php?rest_route=\/wp\/v2\/users\/1"}],"replies":[{"embeddable":true,"href":"https:\/\/fotovig.com.ar\/index.php?rest_route=%2Fwp%2Fv2%2Fcomments&post=282"}],"version-history":[{"count":65,"href":"https:\/\/fotovig.com.ar\/index.php?rest_route=\/wp\/v2\/pages\/282\/revisions"}],"predecessor-version":[{"id":376,"href":"https:\/\/fotovig.com.ar\/index.php?rest_route=\/wp\/v2\/pages\/282\/revisions\/376"}],"wp:attachment":[{"href":"https:\/\/fotovig.com.ar\/index.php?rest_route=%2Fwp%2Fv2%2Fmedia&parent=282"}],"curies":[{"name":"wp","href":"https:\/\/api.w.org\/{rel}","templated":true}]}}