{"id":428,"date":"2022-10-15T18:26:32","date_gmt":"2022-10-15T21:26:32","guid":{"rendered":"http:\/\/fotovig.com.ar\/?page_id=428"},"modified":"2023-07-20T21:00:24","modified_gmt":"2023-07-21T00:00:24","slug":"portarretratos","status":"publish","type":"page","link":"https:\/\/fotovig.com.ar\/?page_id=428","title":{"rendered":"Portarretratos"},"content":{"rendered":"<div id=\"pl-gb428-69d973649c4f5\"  class=\"panel-layout\" ><div id=\"pg-gb428-69d973649c4f5-0\"  class=\"panel-grid panel-no-style\" ><div id=\"pgc-gb428-69d973649c4f5-0-0\"  class=\"panel-grid-cell\" ><div id=\"panel-gb428-69d973649c4f5-0-0-0\" class=\"so-panel widget widget_sow-headline panel-first-child panel-last-child\" data-index=\"0\" ><div\n\t\t\t\n\t\t\tclass=\"so-widget-sow-headline so-widget-sow-headline-default-a19c711c98a7-428\"\n\t\t\t\n\t\t><div class=\"sow-headline-container \">\n\t\t\t\t\t\t<div class=\"decoration\">\n\t\t\t\t\t\t<div class=\"decoration-inside\"><\/div>\n\t\t\t\t\t<\/div>\n\t\t\t\t\t<\/div>\n<\/div><\/div><\/div><\/div><div id=\"pg-gb428-69d973649c4f5-1\"  class=\"panel-grid panel-no-style\" ><div id=\"pgc-gb428-69d973649c4f5-1-0\"  class=\"panel-grid-cell\" ><div id=\"panel-gb428-69d973649c4f5-1-0-0\" class=\"so-panel widget widget_sow-editor panel-first-child panel-last-child\" data-index=\"1\" ><div\n\t\t\t\n\t\t\tclass=\"so-widget-sow-editor so-widget-sow-editor-base\"\n\t\t\t\n\t\t><h3 class=\"widget-title\">Madera Box<\/h3>\n<div class=\"siteorigin-widget-tinymce textwidget\">\n\t<p>Set de portarretratos box, en\u00a0<strong>tres medidas diferentes<\/strong>: 10\u00d715 cm, 13\u00d718 cm y 15\u00d720 cm<\/p>\n<\/div>\n<\/div><\/div><\/div><div id=\"pgc-gb428-69d973649c4f5-1-1\"  class=\"panel-grid-cell\" ><div id=\"panel-gb428-69d973649c4f5-1-1-0\" class=\"so-panel widget widget_sow-image panel-first-child panel-last-child\" data-index=\"2\" ><div\n\t\t\t\n\t\t\tclass=\"so-widget-sow-image so-widget-sow-image-default-e8513d21b1d5-428\"\n\t\t\t\n\t\t>\n<div class=\"sow-image-container\">\n\t\t<img \n\tsrc=\"https:\/\/fotovig.com.ar\/imagenes\/portarretratos\/portar_madera_box(1).jpg\" width=\"700\" title=\"Portarretrato\" alt=\"Portarretrato\" \t\tclass=\"so-widget-image\"\/>\n\t<\/div>\n\n<\/div><\/div><\/div><div id=\"pgc-gb428-69d973649c4f5-1-2\"  class=\"panel-grid-cell\" ><div id=\"panel-gb428-69d973649c4f5-1-2-0\" class=\"so-panel widget widget_sow-image panel-first-child panel-last-child\" data-index=\"3\" ><div\n\t\t\t\n\t\t\tclass=\"so-widget-sow-image so-widget-sow-image-default-e8513d21b1d5-428\"\n\t\t\t\n\t\t>\n<div class=\"sow-image-container\">\n\t\t<img \n\tsrc=\"https:\/\/fotovig.com.ar\/imagenes\/portarretratos\/portar_madera_box(3).jpg\" width=\"700\" title=\"Portarretrato\" alt=\"Portarretrato\" \t\tclass=\"so-widget-image\"\/>\n\t<\/div>\n\n<\/div><\/div><\/div><\/div><div id=\"pg-gb428-69d973649c4f5-2\"  class=\"panel-grid panel-no-style\" ><div id=\"pgc-gb428-69d973649c4f5-2-0\"  class=\"panel-grid-cell\" ><div id=\"panel-gb428-69d973649c4f5-2-0-0\" class=\"so-panel widget widget_sow-editor panel-first-child panel-last-child\" data-index=\"4\" ><div\n\t\t\t\n\t\t\tclass=\"so-widget-sow-editor so-widget-sow-editor-base\"\n\t\t\t\n\t\t><h3 class=\"widget-title\">Pl\u00e1stico<\/h3>\n<div class=\"siteorigin-widget-tinymce textwidget\">\n\t<p>Portarretrato pl\u00e1stico s\u00edmil madera.<\/p>\n<\/div>\n<\/div><\/div><\/div><div id=\"pgc-gb428-69d973649c4f5-2-1\"  class=\"panel-grid-cell\" ><div id=\"panel-gb428-69d973649c4f5-2-1-0\" class=\"so-panel widget widget_sow-image panel-first-child panel-last-child\" data-index=\"5\" ><div\n\t\t\t\n\t\t\tclass=\"so-widget-sow-image so-widget-sow-image-default-e8513d21b1d5-428\"\n\t\t\t\n\t\t>\n<div class=\"sow-image-container\">\n\t\t<img \n\tsrc=\"https:\/\/fotovig.com.ar\/imagenes\/portarretratos\/portar_pf3218.5.jpg\" width=\"700\" title=\"Portarretrato\" alt=\"Portarretrato\" \t\tclass=\"so-widget-image\"\/>\n\t<\/div>\n\n<\/div><\/div><\/div><\/div><div id=\"pg-gb428-69d973649c4f5-3\"  class=\"panel-grid panel-no-style\" ><div id=\"pgc-gb428-69d973649c4f5-3-0\"  class=\"panel-grid-cell panel-grid-cell-empty\" ><\/div><\/div><div id=\"pg-gb428-69d973649c4f5-4\"  class=\"panel-grid panel-no-style\" ><div id=\"pgc-gb428-69d973649c4f5-4-0\"  class=\"panel-grid-cell panel-grid-cell-empty panel-grid-cell-mobile-last\" ><\/div><div id=\"pgc-gb428-69d973649c4f5-4-1\"  class=\"panel-grid-cell panel-grid-cell-empty\" ><\/div><\/div><\/div>","protected":false},"excerpt":{"rendered":"<p>Set de portarretratos box, en\u00a0tres medidas diferentes: 10\u00d715 cm, 13\u00d718 cm y 15\u00d720 cm<\/p>\n","protected":false},"author":1,"featured_media":0,"parent":45,"menu_order":0,"comment_status":"closed","ping_status":"closed","template":"","meta":{"footnotes":""},"class_list":["post-428","page","type-page","status-publish","hentry"],"_links":{"self":[{"href":"https:\/\/fotovig.com.ar\/index.php?rest_route=\/wp\/v2\/pages\/428","targetHints":{"allow":["GET"]}}],"collection":[{"href":"https:\/\/fotovig.com.ar\/index.php?rest_route=\/wp\/v2\/pages"}],"about":[{"href":"https:\/\/fotovig.com.ar\/index.php?rest_route=\/wp\/v2\/types\/page"}],"author":[{"embeddable":true,"href":"https:\/\/fotovig.com.ar\/index.php?rest_route=\/wp\/v2\/users\/1"}],"replies":[{"embeddable":true,"href":"https:\/\/fotovig.com.ar\/index.php?rest_route=%2Fwp%2Fv2%2Fcomments&post=428"}],"version-history":[{"count":27,"href":"https:\/\/fotovig.com.ar\/index.php?rest_route=\/wp\/v2\/pages\/428\/revisions"}],"predecessor-version":[{"id":709,"href":"https:\/\/fotovig.com.ar\/index.php?rest_route=\/wp\/v2\/pages\/428\/revisions\/709"}],"up":[{"embeddable":true,"href":"https:\/\/fotovig.com.ar\/index.php?rest_route=\/wp\/v2\/pages\/45"}],"wp:attachment":[{"href":"https:\/\/fotovig.com.ar\/index.php?rest_route=%2Fwp%2Fv2%2Fmedia&parent=428"}],"curies":[{"name":"wp","href":"https:\/\/api.w.org\/{rel}","templated":true}]}}