{"id":43,"date":"2020-04-07T13:22:45","date_gmt":"2020-04-07T16:22:45","guid":{"rendered":"http:\/\/fotovig.com.ar\/?page_id=43"},"modified":"2024-10-26T23:47:33","modified_gmt":"2024-10-27T02:47:33","slug":"fotografia","status":"publish","type":"page","link":"https:\/\/fotovig.com.ar\/?page_id=43","title":{"rendered":"FOTOGRAF\u00cdA"},"content":{"rendered":"<div id=\"pl-gb43-69d9738a4818c\"  class=\"panel-layout wp-block-siteorigin-panels-layout-block\" ><div id=\"pg-gb43-69d9738a4818c-0\"  class=\"panel-grid panel-no-style\" ><div id=\"pgc-gb43-69d9738a4818c-0-0\"  class=\"panel-grid-cell\" ><div id=\"panel-gb43-69d9738a4818c-0-0-0\" class=\"so-panel widget widget_sow-headline panel-first-child panel-last-child\" data-index=\"0\" ><div\n\t\t\t\n\t\t\tclass=\"so-widget-sow-headline so-widget-sow-headline-default-a19c711c98a7-43\"\n\t\t\t\n\t\t><div class=\"sow-headline-container \">\n\t\t\t\t\t\t<div class=\"decoration\">\n\t\t\t\t\t\t<div class=\"decoration-inside\"><\/div>\n\t\t\t\t\t<\/div>\n\t\t\t\t\t<\/div>\n<\/div><\/div><\/div><\/div><div id=\"pg-gb43-69d9738a4818c-1\"  class=\"panel-grid panel-no-style\" ><div id=\"pgc-gb43-69d9738a4818c-1-0\"  class=\"panel-grid-cell\" ><div id=\"panel-gb43-69d9738a4818c-1-0-0\" class=\"so-panel widget widget_sow-image panel-first-child panel-last-child\" data-index=\"1\" ><div\n\t\t\t\n\t\t\tclass=\"so-widget-sow-image so-widget-sow-image-default-e8513d21b1d5-43\"\n\t\t\t\n\t\t>\n<div class=\"sow-image-container\">\n\t\t<img \n\tsrc=\"https:\/\/fotovig.com.ar\/imagenes\/varias\/medidas_10x15.jpg\" width=\"700\" title=\"10 cm x 15 cm.\" alt=\"\" \t\tclass=\"so-widget-image\"\/>\n\t<\/div>\n\n<\/div><\/div><\/div><div id=\"pgc-gb43-69d9738a4818c-1-1\"  class=\"panel-grid-cell\" ><div id=\"panel-gb43-69d9738a4818c-1-1-0\" class=\"so-panel widget widget_sow-editor panel-first-child panel-last-child\" data-index=\"2\" ><div\n\t\t\t\n\t\t\tclass=\"so-widget-sow-editor so-widget-sow-editor-base\"\n\t\t\t\n\t\t><h3 class=\"widget-title\">10 x 15<\/h3>\n<div class=\"siteorigin-widget-tinymce textwidget\">\n\t<h5><span style=\"color: #003300;\">Impresi\u00f3n de fotograf\u00edas en papel fotogr\u00e1fico (mate o brillante) con qu\u00edmicos de 10 cm x 15 cm.<\/span><\/h5>\n<\/div>\n<\/div><\/div><\/div><\/div><div id=\"pg-gb43-69d9738a4818c-2\"  class=\"panel-grid panel-no-style\" ><div id=\"pgc-gb43-69d9738a4818c-2-0\"  class=\"panel-grid-cell\" ><div id=\"panel-gb43-69d9738a4818c-2-0-0\" class=\"so-panel widget widget_sow-headline panel-first-child panel-last-child\" data-index=\"3\" ><div\n\t\t\t\n\t\t\tclass=\"so-widget-sow-headline so-widget-sow-headline-default-5f8b65ce22b6-43\"\n\t\t\t\n\t\t><div class=\"sow-headline-container \">\n\t\t\t\t\t\t<div class=\"decoration\">\n\t\t\t\t\t\t<div class=\"decoration-inside\"><\/div>\n\t\t\t\t\t<\/div>\n\t\t\t\t\t<\/div>\n<\/div><\/div><\/div><\/div><div id=\"pg-gb43-69d9738a4818c-3\"  class=\"panel-grid panel-no-style\" ><div id=\"pgc-gb43-69d9738a4818c-3-0\"  class=\"panel-grid-cell\" ><div id=\"panel-gb43-69d9738a4818c-3-0-0\" class=\"so-panel widget widget_sow-image panel-first-child panel-last-child\" data-index=\"4\" ><div\n\t\t\t\n\t\t\tclass=\"so-widget-sow-image so-widget-sow-image-default-e8513d21b1d5-43\"\n\t\t\t\n\t\t>\n<div class=\"sow-image-container\">\n\t\t<img \n\tsrc=\"https:\/\/fotovig.com.ar\/imagenes\/varias\/medidas_13x18.jpg\" width=\"700\" title=\"13 cm x 18 cm.\" alt=\"\" \t\tclass=\"so-widget-image\"\/>\n\t<\/div>\n\n<\/div><\/div><\/div><div id=\"pgc-gb43-69d9738a4818c-3-1\"  class=\"panel-grid-cell\" ><div id=\"panel-gb43-69d9738a4818c-3-1-0\" class=\"so-panel widget widget_sow-editor panel-first-child panel-last-child\" data-index=\"5\" ><div\n\t\t\t\n\t\t\tclass=\"so-widget-sow-editor so-widget-sow-editor-base\"\n\t\t\t\n\t\t><h3 class=\"widget-title\">13 x 18<\/h3>\n<div class=\"siteorigin-widget-tinymce textwidget\">\n\t<h5><span style=\"color: #003300;\"><strong>Impresi\u00f3n de fotograf\u00edas en papel fotogr\u00e1fico (mate o brillante) con qu\u00edmicos de <\/strong><\/span><span style=\"color: #003300;\"><strong>13 cm x 18 cm.<\/strong><\/span><\/h5>\n<\/div>\n<\/div><\/div><\/div><\/div><div id=\"pg-gb43-69d9738a4818c-4\"  class=\"panel-grid panel-no-style\" ><div id=\"pgc-gb43-69d9738a4818c-4-0\"  class=\"panel-grid-cell\" ><div id=\"panel-gb43-69d9738a4818c-4-0-0\" class=\"so-panel widget widget_sow-headline panel-first-child panel-last-child\" data-index=\"6\" ><div\n\t\t\t\n\t\t\tclass=\"so-widget-sow-headline so-widget-sow-headline-default-a19c711c98a7-43\"\n\t\t\t\n\t\t><div class=\"sow-headline-container \">\n\t\t\t\t\t\t<div class=\"decoration\">\n\t\t\t\t\t\t<div class=\"decoration-inside\"><\/div>\n\t\t\t\t\t<\/div>\n\t\t\t\t\t<\/div>\n<\/div><\/div><\/div><\/div><div id=\"pg-gb43-69d9738a4818c-5\"  class=\"panel-grid panel-no-style\" ><div id=\"pgc-gb43-69d9738a4818c-5-0\"  class=\"panel-grid-cell\" ><div id=\"panel-gb43-69d9738a4818c-5-0-0\" class=\"so-panel widget widget_sow-image panel-first-child panel-last-child\" data-index=\"7\" ><div\n\t\t\t\n\t\t\tclass=\"so-widget-sow-image so-widget-sow-image-default-e8513d21b1d5-43\"\n\t\t\t\n\t\t>\n<div class=\"sow-image-container\">\n\t\t<img \n\tsrc=\"https:\/\/fotovig.com.ar\/imagenes\/varias\/medidas_15x21.jpg\" width=\"700\" title=\"15 cm x 21 cm.\" alt=\"\" \t\tclass=\"so-widget-image\"\/>\n\t<\/div>\n\n<\/div><\/div><\/div><div id=\"pgc-gb43-69d9738a4818c-5-1\"  class=\"panel-grid-cell\" ><div id=\"panel-gb43-69d9738a4818c-5-1-0\" class=\"so-panel widget widget_sow-editor panel-first-child panel-last-child\" data-index=\"8\" ><div\n\t\t\t\n\t\t\tclass=\"so-widget-sow-editor so-widget-sow-editor-base\"\n\t\t\t\n\t\t><h3 class=\"widget-title\">15 x 21<\/h3>\n<div class=\"siteorigin-widget-tinymce textwidget\">\n\t<h5><span style=\"color: #003300;\"><strong>Impresi\u00f3n de fotograf\u00edas en papel fotogr\u00e1fico (mate o brillante) con qu\u00edmicos de <\/strong><\/span><span style=\"color: #003300;\"><strong>15 cm x 21 cm.<\/strong><\/span><\/h5>\n<\/div>\n<\/div><\/div><\/div><\/div><div id=\"pg-gb43-69d9738a4818c-6\"  class=\"panel-grid panel-no-style\" ><div id=\"pgc-gb43-69d9738a4818c-6-0\"  class=\"panel-grid-cell\" ><div id=\"panel-gb43-69d9738a4818c-6-0-0\" class=\"so-panel widget widget_sow-headline panel-first-child panel-last-child\" data-index=\"9\" ><div\n\t\t\t\n\t\t\tclass=\"so-widget-sow-headline so-widget-sow-headline-default-a19c711c98a7-43\"\n\t\t\t\n\t\t><div class=\"sow-headline-container \">\n\t\t\t\t\t\t<div class=\"decoration\">\n\t\t\t\t\t\t<div class=\"decoration-inside\"><\/div>\n\t\t\t\t\t<\/div>\n\t\t\t\t\t<\/div>\n<\/div><\/div><\/div><\/div><div id=\"pg-gb43-69d9738a4818c-7\"  class=\"panel-grid panel-no-style\" ><div id=\"pgc-gb43-69d9738a4818c-7-0\"  class=\"panel-grid-cell\" ><div id=\"panel-gb43-69d9738a4818c-7-0-0\" class=\"so-panel widget widget_sow-image panel-first-child panel-last-child\" data-index=\"10\" ><div\n\t\t\t\n\t\t\tclass=\"so-widget-sow-image so-widget-sow-image-default-e8513d21b1d5-43\"\n\t\t\t\n\t\t>\n<div class=\"sow-image-container\">\n\t\t<img \n\tsrc=\"https:\/\/fotovig.com.ar\/imagenes\/varias\/medidas_20x30.jpg\" width=\"700\" title=\"20 cm x 30 cm.\" alt=\"\" \t\tclass=\"so-widget-image\"\/>\n\t<\/div>\n\n<\/div><\/div><\/div><div id=\"pgc-gb43-69d9738a4818c-7-1\"  class=\"panel-grid-cell\" ><div id=\"panel-gb43-69d9738a4818c-7-1-0\" class=\"so-panel widget widget_sow-editor panel-first-child panel-last-child\" data-index=\"11\" ><div\n\t\t\t\n\t\t\tclass=\"so-widget-sow-editor so-widget-sow-editor-base\"\n\t\t\t\n\t\t><h3 class=\"widget-title\">20 x 30<\/h3>\n<div class=\"siteorigin-widget-tinymce textwidget\">\n\t<h5><span style=\"color: #003300;\"><strong>Impresi\u00f3n de fotograf\u00edas en papel fotogr\u00e1fico (mate o brillante) con qu\u00edmicos de <\/strong><\/span><span style=\"color: #003300;\"><strong>20 cm x 30 cm.<\/strong><\/span><\/h5>\n<\/div>\n<\/div><\/div><\/div><\/div><div id=\"pg-gb43-69d9738a4818c-8\"  class=\"panel-grid panel-no-style\" ><div id=\"pgc-gb43-69d9738a4818c-8-0\"  class=\"panel-grid-cell\" ><div id=\"panel-gb43-69d9738a4818c-8-0-0\" class=\"so-panel widget widget_sow-features panel-first-child\" data-index=\"12\" ><div\n\t\t\t\n\t\t\tclass=\"so-widget-sow-features so-widget-sow-features-default-0e0f8d436f18-43\"\n\t\t\t\n\t\t><\/div><\/div><div id=\"panel-gb43-69d9738a4818c-8-0-1\" class=\"so-panel widget widget_sow-editor\" data-index=\"13\" ><div\n\t\t\t\n\t\t\tclass=\"so-widget-sow-editor so-widget-sow-editor-base\"\n\t\t\t\n\t\t><h3 class=\"widget-title\">Otras medidas<\/h3>\n<div class=\"siteorigin-widget-tinymce textwidget\">\n\t<h2 style=\"text-align: left;\"><span style=\"color: #008000;\"><span style=\"color: #003300;\">Consulte por m\u00e1s medidas y formatos<\/span><\/span><\/h2>\n<\/div>\n<\/div><\/div><div id=\"panel-gb43-69d9738a4818c-8-0-2\" class=\"so-panel widget widget_sow-headline panel-last-child\" data-index=\"14\" ><div\n\t\t\t\n\t\t\tclass=\"so-widget-sow-headline so-widget-sow-headline-default-a19c711c98a7-43\"\n\t\t\t\n\t\t><div class=\"sow-headline-container \">\n\t\t\t\t\t\t<div class=\"decoration\">\n\t\t\t\t\t\t<div class=\"decoration-inside\"><\/div>\n\t\t\t\t\t<\/div>\n\t\t\t\t\t<\/div>\n<\/div><\/div><\/div><\/div><\/div>\n\n\n<p><\/p>\n\n\n\n<p><\/p>\n\n\n\n<p><\/p>\n","protected":false},"excerpt":{"rendered":"<p>Impresi\u00f3n de fotograf\u00edas en papel fotogr\u00e1fico (mate o brillante) con qu\u00edmicos de 10 cm x 15 cm.<\/p>\n","protected":false},"author":1,"featured_media":0,"parent":0,"menu_order":0,"comment_status":"closed","ping_status":"closed","template":"","meta":{"footnotes":""},"class_list":["post-43","page","type-page","status-publish","hentry"],"_links":{"self":[{"href":"https:\/\/fotovig.com.ar\/index.php?rest_route=\/wp\/v2\/pages\/43","targetHints":{"allow":["GET"]}}],"collection":[{"href":"https:\/\/fotovig.com.ar\/index.php?rest_route=\/wp\/v2\/pages"}],"about":[{"href":"https:\/\/fotovig.com.ar\/index.php?rest_route=\/wp\/v2\/types\/page"}],"author":[{"embeddable":true,"href":"https:\/\/fotovig.com.ar\/index.php?rest_route=\/wp\/v2\/users\/1"}],"replies":[{"embeddable":true,"href":"https:\/\/fotovig.com.ar\/index.php?rest_route=%2Fwp%2Fv2%2Fcomments&post=43"}],"version-history":[{"count":31,"href":"https:\/\/fotovig.com.ar\/index.php?rest_route=\/wp\/v2\/pages\/43\/revisions"}],"predecessor-version":[{"id":951,"href":"https:\/\/fotovig.com.ar\/index.php?rest_route=\/wp\/v2\/pages\/43\/revisions\/951"}],"wp:attachment":[{"href":"https:\/\/fotovig.com.ar\/index.php?rest_route=%2Fwp%2Fv2%2Fmedia&parent=43"}],"curies":[{"name":"wp","href":"https:\/\/api.w.org\/{rel}","templated":true}]}}